{"id":212,"date":"2020-09-14T07:41:29","date_gmt":"2020-09-14T06:41:29","guid":{"rendered":"http:\/\/localhost:8888\/julianarennstudio\/?page_id=212"},"modified":"2022-06-27T21:25:32","modified_gmt":"2022-06-27T20:25:32","slug":"studio","status":"publish","type":"page","link":"https:\/\/re-studio.co.uk\/pt\/studio\/","title":{"rendered":"Studio"},"content":{"rendered":"<div class=\"wp-block-columns is-layout-flex wp-container-core-columns-is-layout-9d6595d7 wp-block-columns-is-layout-flex\">\n<div class=\"wp-block-column is-layout-flow wp-block-column-is-layout-flow\">\n<h2 class=\"wp-block-heading\">Sobre n\u00f3s<\/h2>\n\n\n\n<p>re:studio \u00e9 um escrit\u00f3rio de arquitetura situado em Londres com projetos e colaboradores em todo o mundo.<\/p>\n\n\n\n<p>Nossa paix\u00e3o \u00e9 projetar resid\u00eancias e ambientes saud\u00e1veis, confort\u00e1veis, sustent\u00e1veis \u200b\u200be belos. Somos especialistas em design sustent\u00e1vel e, como parte de nossa abordagem padr\u00e3o, usamos nossa pesquisa e tecnologia avan\u00e7ada desde o in\u00edcio do projeto para desenvolver solu\u00e7\u00f5es otimizadas de constru\u00e7\u00e3o sustent\u00e1vel.<\/p>\n\n\n\n<p>Trabalhamos em estreita colabora\u00e7\u00e3o com os nossos clientes e os orientamos durante as etapas de projeto para criar resid\u00eancias e ambientes feitos sob medida para suas necessidades, que atendam a seu or\u00e7amento e realizem sua vis\u00e3o, criando o m\u00ednimo impacto no meio ambiente.<\/p>\n\n\n\n<p>Nosso trabalho varia em escala, desde o design de novos edif\u00edcios, amplia\u00e7\u00f5es, reformas, interiores e design de m\u00f3veis.<\/p>\n<\/div>\n\n\n\n<div class=\"wp-block-column is-layout-flow wp-block-column-is-layout-flow\">\n<h2 class=\"wp-block-heading\"><\/h2>\n\n\n\n<p><\/p>\n<\/div>\n<\/div>\n\n\n\n<div class=\"wp-block-columns is-layout-flex wp-container-core-columns-is-layout-9d6595d7 wp-block-columns-is-layout-flex\">\n<div class=\"wp-block-column is-layout-flow wp-block-column-is-layout-flow\" style=\"flex-basis:33.33%\">\n<p><\/p>\n\n\n\n<p><\/p>\n\n\n\n<p><\/p>\n\n\n\n<p><\/p>\n\n\n\n<p><\/p>\n<\/div>\n\n\n\n<div class=\"wp-block-column is-vertically-aligned-center is-layout-flow wp-block-column-is-layout-flow\" style=\"flex-basis:66.66%\"><\/div>\n<\/div>","protected":false},"excerpt":{"rendered":"<p>About us re:studio is an architectural design practice based in London with projects and collaborators<\/p>\n<div class=\"read-more\"><a href=\"https:\/\/re-studio.co.uk\/pt\/studio\/\" class=\"more-link\">Read More<\/a><\/div>","protected":false},"author":1,"featured_media":0,"parent":0,"menu_order":0,"comment_status":"closed","ping_status":"closed","template":"","meta":{"nf_dc_page":"","_themeisle_gutenberg_block_has_review":false,"_vp_format_video_url":"","_vp_image_focal_point":[],"footnotes":""},"class_list":["post-212","page","type-page","status-publish","hentry","entry"],"yoast_head":"<!-- This site is optimized with the Yoast SEO plugin v27.6 - https:\/\/yoast.com\/product\/yoast-seo-wordpress\/ -->\n<title>Studio -<\/title>\n<meta name=\"robots\" content=\"index, follow, max-snippet:-1, max-image-preview:large, max-video-preview:-1\" \/>\n<link rel=\"canonical\" href=\"https:\/\/re-studio.co.uk\/pt\/studio\/\" \/>\n<meta property=\"og:locale\" content=\"pt_BR\" \/>\n<meta property=\"og:type\" content=\"article\" \/>\n<meta property=\"og:title\" content=\"Studio -\" \/>\n<meta property=\"og:description\" content=\"About us re:studio is an architectural design practice based in London with projects and collaboratorsRead More\" \/>\n<meta property=\"og:url\" content=\"https:\/\/re-studio.co.uk\/pt\/studio\/\" \/>\n<meta property=\"article:modified_time\" content=\"2022-06-27T20:25:32+00:00\" \/>\n<meta name=\"twitter:card\" content=\"summary_large_image\" \/>\n<meta name=\"twitter:label1\" content=\"Est. tempo de leitura\" \/>\n\t<meta name=\"twitter:data1\" content=\"1 minuto\" \/>\n<script type=\"application\/ld+json\" class=\"yoast-schema-graph\">{\"@context\":\"https:\\\/\\\/schema.org\",\"@graph\":[{\"@type\":\"WebPage\",\"@id\":\"https:\\\/\\\/re-studio.co.uk\\\/studio\\\/\",\"url\":\"https:\\\/\\\/re-studio.co.uk\\\/studio\\\/\",\"name\":\"Studio -\",\"isPartOf\":{\"@id\":\"https:\\\/\\\/re-studio.co.uk\\\/pt\\\/#website\"},\"datePublished\":\"2020-09-14T06:41:29+00:00\",\"dateModified\":\"2022-06-27T20:25:32+00:00\",\"breadcrumb\":{\"@id\":\"https:\\\/\\\/re-studio.co.uk\\\/studio\\\/#breadcrumb\"},\"inLanguage\":\"pt-BR\",\"potentialAction\":[{\"@type\":\"ReadAction\",\"target\":[\"https:\\\/\\\/re-studio.co.uk\\\/studio\\\/\"]}]},{\"@type\":\"BreadcrumbList\",\"@id\":\"https:\\\/\\\/re-studio.co.uk\\\/studio\\\/#breadcrumb\",\"itemListElement\":[{\"@type\":\"ListItem\",\"position\":1,\"name\":\"Home\",\"item\":\"https:\\\/\\\/re-studio.co.uk\\\/pt\\\/\"},{\"@type\":\"ListItem\",\"position\":2,\"name\":\"Studio\"}]},{\"@type\":\"WebSite\",\"@id\":\"https:\\\/\\\/re-studio.co.uk\\\/pt\\\/#website\",\"url\":\"https:\\\/\\\/re-studio.co.uk\\\/pt\\\/\",\"name\":\"\",\"description\":\"architecture and design\",\"potentialAction\":[{\"@type\":\"SearchAction\",\"target\":{\"@type\":\"EntryPoint\",\"urlTemplate\":\"https:\\\/\\\/re-studio.co.uk\\\/pt\\\/?s={search_term_string}\"},\"query-input\":{\"@type\":\"PropertyValueSpecification\",\"valueRequired\":true,\"valueName\":\"search_term_string\"}}],\"inLanguage\":\"pt-BR\"}]}<\/script>\n<!-- \/ Yoast SEO plugin. -->","yoast_head_json":{"title":"Studio -","robots":{"index":"index","follow":"follow","max-snippet":"max-snippet:-1","max-image-preview":"max-image-preview:large","max-video-preview":"max-video-preview:-1"},"canonical":"https:\/\/re-studio.co.uk\/pt\/studio\/","og_locale":"pt_BR","og_type":"article","og_title":"Studio -","og_description":"About us re:studio is an architectural design practice based in London with projects and collaboratorsRead More","og_url":"https:\/\/re-studio.co.uk\/pt\/studio\/","article_modified_time":"2022-06-27T20:25:32+00:00","twitter_card":"summary_large_image","twitter_misc":{"Est. tempo de leitura":"1 minuto"},"schema":{"@context":"https:\/\/schema.org","@graph":[{"@type":"WebPage","@id":"https:\/\/re-studio.co.uk\/studio\/","url":"https:\/\/re-studio.co.uk\/studio\/","name":"Studio -","isPartOf":{"@id":"https:\/\/re-studio.co.uk\/pt\/#website"},"datePublished":"2020-09-14T06:41:29+00:00","dateModified":"2022-06-27T20:25:32+00:00","breadcrumb":{"@id":"https:\/\/re-studio.co.uk\/studio\/#breadcrumb"},"inLanguage":"pt-BR","potentialAction":[{"@type":"ReadAction","target":["https:\/\/re-studio.co.uk\/studio\/"]}]},{"@type":"BreadcrumbList","@id":"https:\/\/re-studio.co.uk\/studio\/#breadcrumb","itemListElement":[{"@type":"ListItem","position":1,"name":"Home","item":"https:\/\/re-studio.co.uk\/pt\/"},{"@type":"ListItem","position":2,"name":"Studio"}]},{"@type":"WebSite","@id":"https:\/\/re-studio.co.uk\/pt\/#website","url":"https:\/\/re-studio.co.uk\/pt\/","name":"","description":"architecture and design","potentialAction":[{"@type":"SearchAction","target":{"@type":"EntryPoint","urlTemplate":"https:\/\/re-studio.co.uk\/pt\/?s={search_term_string}"},"query-input":{"@type":"PropertyValueSpecification","valueRequired":true,"valueName":"search_term_string"}}],"inLanguage":"pt-BR"}]}},"jetpack_sharing_enabled":true,"_links":{"self":[{"href":"https:\/\/re-studio.co.uk\/pt\/wp-json\/wp\/v2\/pages\/212","targetHints":{"allow":["GET"]}}],"collection":[{"href":"https:\/\/re-studio.co.uk\/pt\/wp-json\/wp\/v2\/pages"}],"about":[{"href":"https:\/\/re-studio.co.uk\/pt\/wp-json\/wp\/v2\/types\/page"}],"author":[{"embeddable":true,"href":"https:\/\/re-studio.co.uk\/pt\/wp-json\/wp\/v2\/users\/1"}],"replies":[{"embeddable":true,"href":"https:\/\/re-studio.co.uk\/pt\/wp-json\/wp\/v2\/comments?post=212"}],"version-history":[{"count":31,"href":"https:\/\/re-studio.co.uk\/pt\/wp-json\/wp\/v2\/pages\/212\/revisions"}],"predecessor-version":[{"id":501,"href":"https:\/\/re-studio.co.uk\/pt\/wp-json\/wp\/v2\/pages\/212\/revisions\/501"}],"wp:attachment":[{"href":"https:\/\/re-studio.co.uk\/pt\/wp-json\/wp\/v2\/media?parent=212"}],"curies":[{"name":"wp","href":"https:\/\/api.w.org\/{rel}","templated":true}]}}