{"id":239,"date":"2020-09-15T06:22:56","date_gmt":"2020-09-15T05:22:56","guid":{"rendered":"http:\/\/localhost:8888\/julianarennstudio\/?page_id=239"},"modified":"2024-02-18T16:46:31","modified_gmt":"2024-02-18T16:46:31","slug":"services","status":"publish","type":"page","link":"https:\/\/re-studio.co.uk\/pt\/services\/","title":{"rendered":"Servi\u00e7os"},"content":{"rendered":"<div class=\"wp-block-columns is-layout-flex wp-container-core-columns-is-layout-9d6595d7 wp-block-columns-is-layout-flex\">\n<div class=\"wp-block-column is-layout-flow wp-block-column-is-layout-flow\">\n<h2 class=\"wp-block-heading\">Arquitetura e Design<\/h2>\n\n\n\n<p class=\"\">Nosso studio oferece um servi\u00e7o completo de projeto arquitet\u00f4nico em todas as fases de projeto desde a defini\u00e7\u00e3o do programa de necessidades com o cliente, estudo de viabilidade, estudo preliminar, licenciamento, projeto de execu\u00e7\u00e3o e especifica\u00e7\u00f5es at\u00e9 o acompanhamento de obra.  <\/p>\n\n\n\n<p class=\"\">As part of our sustainable design approach, we will use advanced technology and analysis appropriate for each and every individual project from concept design stage to develop optimised sustainable building solutions. We are certified Passivhaus Designers and can help you achieve this standard efficiently and cost effectively.<\/p>\n\n\n\n<p class=\"\">Trabalhamos em estreita colabora\u00e7\u00e3o com os nossos clientes e os orientamos durante as etapas de projeto para criar resid\u00eancias e ambientes feitos sob medida para suas necessidades, que atendam a seu or\u00e7amento e realizem sua vis\u00e3o, criando o m\u00ednimo impacto no meio ambiente.<\/p>\n\n\n\n<p class=\"\">Nosso trabalho varia em escala, desde o design de novos edif\u00edcios, amplia\u00e7\u00f5es, reformas, interiores e design de m\u00f3veis.<\/p>\n\n\n\n<p class=\"\"><a href=\"http:\/\/localhost:8888\/julianarennstudio\/contact\/\">Entre em contato<\/a> para conversar sobre o seu projeto.<\/p>\n<\/div>\n\n\n\n<div class=\"wp-block-column is-layout-flow wp-block-column-is-layout-flow\">\n<h2 class=\"wp-block-heading\">Environmental Design &amp; Passivhaus <\/h2>\n\n\n\n<p class=\"\">Are you looking to create a home or space tailored for maximum levels of comfort and well-being and for low environmental impact? Are you looking to design a Passivhaus? We offer a standalone environmental design consulting service for clients and other architectural practices at all project stages that can help you achieve just that.<\/p>\n\n\n\n<p class=\"\">O design bioclim\u00e1tico consiste no estudo cient\u00edfico das caracter\u00edsticas do clima local e dos recursos naturais como por exemplo temperaturas, ventos predominantes, trajet\u00f3ria solar, propriedades dos materiais, incid\u00eancia de chuva, vegeta\u00e7\u00e3o e rela\u00e7\u00e3o com o entorno, para criar elementos e estrat\u00e9gias de design que reduzam o uso de energia, \u00e1gua e o impacto ambiental como um todo e ao mesmo tempo criando ambientes confort\u00e1veis e saud\u00e1veis para os ocupantes.<\/p>\n\n\n\n<p class=\"\">Utilizamos softwares e ferramentas avan\u00e7adas para realizar an\u00e1lises e medir o desempenho de diferentes propostas de projeto e elementos do edif\u00edcio para alcan\u00e7ar o resultado desejado. <\/p>\n\n\n\n<p class=\"\">As estrat\u00e9gias ser\u00e3o espec\u00edficas para cada projeto e podem incluir a otimiza\u00e7\u00e3o de \u00e1reas envidra\u00e7adas e aberturas de ventila\u00e7\u00e3o, sistemas de sombreamento, incorpora\u00e7\u00e3o de sistemas de aquecimento e resfriamento passivos apropriados, materiais saud\u00e1veis, respir\u00e1veis \u200b\u200be de baixo carbono e assim por diante.<\/p>\n\n\n\n<p class=\"\"><a href=\"http:\/\/localhost:8888\/julianarennstudio\/contact\/\">Entre em contato <\/a>para descobrir como o design bioclim\u00e1tico pode melhorar o seu projeto.<\/p>\n\n\n\n<p class=\"\"><\/p>\n<\/div>\n<\/div>\n\n\n\n<p class=\"\"><\/p>","protected":false},"excerpt":{"rendered":"<p>Architecture and Design We offer a full architectural design service from establishing the initial brief<\/p>\n<div class=\"read-more\"><a href=\"https:\/\/re-studio.co.uk\/pt\/services\/\" class=\"more-link\">Read More<\/a><\/div>","protected":false},"author":1,"featured_media":0,"parent":0,"menu_order":0,"comment_status":"closed","ping_status":"closed","template":"","meta":{"nf_dc_page":"","_themeisle_gutenberg_block_has_review":false,"_vp_format_video_url":"","_vp_image_focal_point":[],"footnotes":""},"class_list":["post-239","page","type-page","status-publish","hentry","entry"],"yoast_head":"<!-- This site is optimized with the Yoast SEO plugin v27.6 - https:\/\/yoast.com\/product\/yoast-seo-wordpress\/ -->\n<title>Services -<\/title>\n<meta name=\"robots\" content=\"index, follow, max-snippet:-1, max-image-preview:large, max-video-preview:-1\" \/>\n<link rel=\"canonical\" href=\"https:\/\/re-studio.co.uk\/pt\/services\/\" \/>\n<meta property=\"og:locale\" content=\"pt_BR\" \/>\n<meta property=\"og:type\" content=\"article\" \/>\n<meta property=\"og:title\" content=\"Services -\" \/>\n<meta property=\"og:description\" content=\"Architecture and Design We offer a full architectural design service from establishing the initial briefRead More\" \/>\n<meta property=\"og:url\" content=\"https:\/\/re-studio.co.uk\/pt\/services\/\" \/>\n<meta property=\"article:modified_time\" content=\"2024-02-18T16:46:31+00:00\" \/>\n<meta name=\"twitter:card\" content=\"summary_large_image\" \/>\n<meta name=\"twitter:label1\" content=\"Est. tempo de leitura\" \/>\n\t<meta name=\"twitter:data1\" content=\"2 minutos\" \/>\n<script type=\"application\/ld+json\" class=\"yoast-schema-graph\">{\"@context\":\"https:\\\/\\\/schema.org\",\"@graph\":[{\"@type\":\"WebPage\",\"@id\":\"https:\\\/\\\/re-studio.co.uk\\\/pt\\\/services\\\/\",\"url\":\"https:\\\/\\\/re-studio.co.uk\\\/pt\\\/services\\\/\",\"name\":\"Services -\",\"isPartOf\":{\"@id\":\"https:\\\/\\\/re-studio.co.uk\\\/pt\\\/#website\"},\"datePublished\":\"2020-09-15T05:22:56+00:00\",\"dateModified\":\"2024-02-18T16:46:31+00:00\",\"breadcrumb\":{\"@id\":\"https:\\\/\\\/re-studio.co.uk\\\/pt\\\/services\\\/#breadcrumb\"},\"inLanguage\":\"pt-BR\",\"potentialAction\":[{\"@type\":\"ReadAction\",\"target\":[\"https:\\\/\\\/re-studio.co.uk\\\/pt\\\/services\\\/\"]}]},{\"@type\":\"BreadcrumbList\",\"@id\":\"https:\\\/\\\/re-studio.co.uk\\\/pt\\\/services\\\/#breadcrumb\",\"itemListElement\":[{\"@type\":\"ListItem\",\"position\":1,\"name\":\"Home\",\"item\":\"https:\\\/\\\/re-studio.co.uk\\\/pt\\\/\"},{\"@type\":\"ListItem\",\"position\":2,\"name\":\"Services\"}]},{\"@type\":\"WebSite\",\"@id\":\"https:\\\/\\\/re-studio.co.uk\\\/pt\\\/#website\",\"url\":\"https:\\\/\\\/re-studio.co.uk\\\/pt\\\/\",\"name\":\"\",\"description\":\"architecture and design\",\"potentialAction\":[{\"@type\":\"SearchAction\",\"target\":{\"@type\":\"EntryPoint\",\"urlTemplate\":\"https:\\\/\\\/re-studio.co.uk\\\/pt\\\/?s={search_term_string}\"},\"query-input\":{\"@type\":\"PropertyValueSpecification\",\"valueRequired\":true,\"valueName\":\"search_term_string\"}}],\"inLanguage\":\"pt-BR\"}]}<\/script>\n<!-- \/ Yoast SEO plugin. -->","yoast_head_json":{"title":"Services -","robots":{"index":"index","follow":"follow","max-snippet":"max-snippet:-1","max-image-preview":"max-image-preview:large","max-video-preview":"max-video-preview:-1"},"canonical":"https:\/\/re-studio.co.uk\/pt\/services\/","og_locale":"pt_BR","og_type":"article","og_title":"Services -","og_description":"Architecture and Design We offer a full architectural design service from establishing the initial briefRead More","og_url":"https:\/\/re-studio.co.uk\/pt\/services\/","article_modified_time":"2024-02-18T16:46:31+00:00","twitter_card":"summary_large_image","twitter_misc":{"Est. tempo de leitura":"2 minutos"},"schema":{"@context":"https:\/\/schema.org","@graph":[{"@type":"WebPage","@id":"https:\/\/re-studio.co.uk\/pt\/services\/","url":"https:\/\/re-studio.co.uk\/pt\/services\/","name":"Services -","isPartOf":{"@id":"https:\/\/re-studio.co.uk\/pt\/#website"},"datePublished":"2020-09-15T05:22:56+00:00","dateModified":"2024-02-18T16:46:31+00:00","breadcrumb":{"@id":"https:\/\/re-studio.co.uk\/pt\/services\/#breadcrumb"},"inLanguage":"pt-BR","potentialAction":[{"@type":"ReadAction","target":["https:\/\/re-studio.co.uk\/pt\/services\/"]}]},{"@type":"BreadcrumbList","@id":"https:\/\/re-studio.co.uk\/pt\/services\/#breadcrumb","itemListElement":[{"@type":"ListItem","position":1,"name":"Home","item":"https:\/\/re-studio.co.uk\/pt\/"},{"@type":"ListItem","position":2,"name":"Services"}]},{"@type":"WebSite","@id":"https:\/\/re-studio.co.uk\/pt\/#website","url":"https:\/\/re-studio.co.uk\/pt\/","name":"","description":"architecture and design","potentialAction":[{"@type":"SearchAction","target":{"@type":"EntryPoint","urlTemplate":"https:\/\/re-studio.co.uk\/pt\/?s={search_term_string}"},"query-input":{"@type":"PropertyValueSpecification","valueRequired":true,"valueName":"search_term_string"}}],"inLanguage":"pt-BR"}]}},"jetpack_sharing_enabled":true,"_links":{"self":[{"href":"https:\/\/re-studio.co.uk\/pt\/wp-json\/wp\/v2\/pages\/239","targetHints":{"allow":["GET"]}}],"collection":[{"href":"https:\/\/re-studio.co.uk\/pt\/wp-json\/wp\/v2\/pages"}],"about":[{"href":"https:\/\/re-studio.co.uk\/pt\/wp-json\/wp\/v2\/types\/page"}],"author":[{"embeddable":true,"href":"https:\/\/re-studio.co.uk\/pt\/wp-json\/wp\/v2\/users\/1"}],"replies":[{"embeddable":true,"href":"https:\/\/re-studio.co.uk\/pt\/wp-json\/wp\/v2\/comments?post=239"}],"version-history":[{"count":5,"href":"https:\/\/re-studio.co.uk\/pt\/wp-json\/wp\/v2\/pages\/239\/revisions"}],"predecessor-version":[{"id":775,"href":"https:\/\/re-studio.co.uk\/pt\/wp-json\/wp\/v2\/pages\/239\/revisions\/775"}],"wp:attachment":[{"href":"https:\/\/re-studio.co.uk\/pt\/wp-json\/wp\/v2\/media?parent=239"}],"curies":[{"name":"wp","href":"https:\/\/api.w.org\/{rel}","templated":true}]}}